{"id":2,"date":"2025-08-07T10:19:27","date_gmt":"2025-08-07T10:19:27","guid":{"rendered":"http:\/\/lumenevia.fr\/?page_id=2"},"modified":"2025-10-01T10:39:40","modified_gmt":"2025-10-01T10:39:40","slug":"mentions-legales","status":"publish","type":"page","link":"https:\/\/lumenevia.fr\/index.php\/mentions-legales\/","title":{"rendered":"Mentions l\u00e9gales"},"content":{"rendered":"\n\n\n<p>Le pr\u00e9sent site est \u00e9dit\u00e9 par :<strong> Lumenevia<\/strong><br>Forme juridique : micro-entreprise<br>Si\u00e8ge social : 214 route du cor de chasse, 73 190 APREMONT<br>SIRET : 810 861 179 00028<br>Email : <a>contact@lumenevia.fr<\/a><br>T\u00e9l\u00e9phone : 07 81 97 58 28<\/p>\n\n\n\n<p>Responsable de la publication : ARGOUD Louise<\/p>\n\n\n\n\n\n<p>Le site est h\u00e9berg\u00e9 par OVH SA,<br>2, rue Kellermann \u2014 59100 Roubaix \u2014 France.<\/p>\n\n\n\n\n\n<p>L\u2019ensemble du contenu du site <strong>Lumenevia<\/strong> (textes, images, graphismes, logo, vid\u00e9os, documents, etc.) est prot\u00e9g\u00e9 par le droit de la propri\u00e9t\u00e9 intellectuelle.<br>Toute reproduction, repr\u00e9sentation, modification, publication, transmission ou d\u00e9naturation, totale ou partielle, du site ou de son contenu, par quelque proc\u00e9d\u00e9 que ce soit, et sur quelque support que ce soit, est interdite sans l\u2019autorisation \u00e9crite pr\u00e9alable de Lumenevia.<\/p>\n\n\n\n\n\n<p>Les informations recueillies via le formulaire de contact sont destin\u00e9es exclusivement \u00e0 Lumenevia et utilis\u00e9es pour r\u00e9pondre aux demandes formul\u00e9es.<br>Conform\u00e9ment au <strong>R\u00e8glement G\u00e9n\u00e9ral sur la Protection des Donn\u00e9es (RGPD)<\/strong> et \u00e0 la <strong>loi Informatique et Libert\u00e9s<\/strong>, vous disposez d\u2019un droit d\u2019acc\u00e8s, de rectification, de suppression et d\u2019opposition relatif \u00e0 vos donn\u00e9es.<br>Pour exercer ce droit, vous pouvez nous contacter \u00e0 l\u2019adresse suivante : <a>contact@lumenevia.fr<\/a><\/p>\n\n\n\n<p>Pour en savoir plus, consultez notre <a href=\"http:\/\/lumenevia.fr\/index.php\/politique-de-confidentialite\/\">Politique de confidentialit\u00e9<\/a>.<\/p>\n\n\n\n\n\n<p>Lumenevia s\u2019efforce de fournir sur ce site des informations pr\u00e9cises et mises \u00e0 jour. Toutefois, l\u2019\u00e9diteur ne saurait \u00eatre tenu responsable des erreurs, omissions ou r\u00e9sultats pouvant \u00eatre obtenus \u00e0 partir de l\u2019utilisation de ces informations.<\/p>\n\n\n\n\n\n<p>Le site peut contenir des liens vers d\u2019autres sites. Lumenevia n\u2019exerce aucun contr\u00f4le sur le contenu de ces sites et d\u00e9cline toute responsabilit\u00e9 quant \u00e0 leur contenu.<\/p>\n\n\n\n\n\n<p>Le pr\u00e9sent site est soumis au droit fran\u00e7ais.<br>Tout litige relatif \u00e0 l\u2019utilisation du site sera soumis \u00e0 la comp\u00e9tence exclusive des tribunaux fran\u00e7ais.<\/p>\n\n\n\n<blockquote class=\"wp-block-quote is-layout-flow wp-block-quote-is-layout-flow\">\n<p><\/p>\n<\/blockquote>\n\n\n\n<blockquote class=\"wp-block-quote is-layout-flow wp-block-quote-is-layout-flow\">\n<p><\/p>\n<\/blockquote>\n","protected":false},"excerpt":{"rendered":"<p>Le pr\u00e9sent site est \u00e9dit\u00e9 par : LumeneviaForme juridique : micro-entrepriseSi\u00e8ge social : 214 route du cor de chasse, 73 190 APREMONTSIRET : 810 861 179 00028Email : contact@lumenevia.frT\u00e9l\u00e9phone : 07 81 97 58 28 Responsable de la publication : ARGOUD Louise Le site est h\u00e9berg\u00e9 par OVH SA,2, rue Kellermann \u2014 59100 Roubaix \u2014 [&hellip;]<\/p>\n","protected":false},"author":1,"featured_media":0,"parent":0,"menu_order":0,"comment_status":"closed","ping_status":"closed","template":"","meta":{"saved_in_kubio":true,"footnotes":""},"class_list":["post-2","page","type-page","status-publish","hentry"],"kubio_ai_page_context":{"short_desc":"","purpose":"general"},"yoast_head":"<!-- This site is optimized with the Yoast SEO plugin v27.3 - https:\/\/yoast.com\/product\/yoast-seo-wordpress\/ -->\n<title>Mentions l\u00e9gales - Lumen\u00e9via<\/title>\n<meta name=\"description\" content=\"Retrouvez les mentions l\u00e9gales de Lumenevia : informations sur l\u2019\u00e9diteur du site, l\u2019h\u00e9bergement OVH, la protection des contenus et la RGPD\" \/>\n<meta name=\"robots\" content=\"index, follow, max-snippet:-1, max-image-preview:large, max-video-preview:-1\" \/>\n<link rel=\"canonical\" href=\"https:\/\/lumenevia.fr\/index.php\/mentions-legales\/\" \/>\n<meta property=\"og:locale\" content=\"fr_FR\" \/>\n<meta property=\"og:type\" content=\"article\" \/>\n<meta property=\"og:title\" content=\"Mentions l\u00e9gales - Lumen\u00e9via\" \/>\n<meta property=\"og:description\" content=\"Retrouvez les mentions l\u00e9gales de Lumenevia : informations sur l\u2019\u00e9diteur du site, l\u2019h\u00e9bergement OVH, la protection des contenus et la RGPD\" \/>\n<meta property=\"og:url\" content=\"https:\/\/lumenevia.fr\/index.php\/mentions-legales\/\" \/>\n<meta property=\"og:site_name\" content=\"Lumen\u00e9via\" \/>\n<meta property=\"article:modified_time\" content=\"2025-10-01T10:39:40+00:00\" \/>\n<meta name=\"twitter:card\" content=\"summary_large_image\" \/>\n<script type=\"application\/ld+json\" class=\"yoast-schema-graph\">{\"@context\":\"https:\\\/\\\/schema.org\",\"@graph\":[{\"@type\":\"WebPage\",\"@id\":\"https:\\\/\\\/lumenevia.fr\\\/index.php\\\/mentions-legales\\\/\",\"url\":\"https:\\\/\\\/lumenevia.fr\\\/index.php\\\/mentions-legales\\\/\",\"name\":\"Mentions l\u00e9gales - Lumen\u00e9via\",\"isPartOf\":{\"@id\":\"https:\\\/\\\/lumenevia.fr\\\/#website\"},\"datePublished\":\"2025-08-07T10:19:27+00:00\",\"dateModified\":\"2025-10-01T10:39:40+00:00\",\"description\":\"Retrouvez les mentions l\u00e9gales de Lumenevia : informations sur l\u2019\u00e9diteur du site, l\u2019h\u00e9bergement OVH, la protection des contenus et la RGPD\",\"breadcrumb\":{\"@id\":\"https:\\\/\\\/lumenevia.fr\\\/index.php\\\/mentions-legales\\\/#breadcrumb\"},\"inLanguage\":\"fr-FR\",\"potentialAction\":[{\"@type\":\"ReadAction\",\"target\":[\"https:\\\/\\\/lumenevia.fr\\\/index.php\\\/mentions-legales\\\/\"]}]},{\"@type\":\"BreadcrumbList\",\"@id\":\"https:\\\/\\\/lumenevia.fr\\\/index.php\\\/mentions-legales\\\/#breadcrumb\",\"itemListElement\":[{\"@type\":\"ListItem\",\"position\":1,\"name\":\"Accueil\",\"item\":\"https:\\\/\\\/lumenevia.fr\\\/\"},{\"@type\":\"ListItem\",\"position\":2,\"name\":\"Mentions l\u00e9gales\"}]},{\"@type\":\"WebSite\",\"@id\":\"https:\\\/\\\/lumenevia.fr\\\/#website\",\"url\":\"https:\\\/\\\/lumenevia.fr\\\/\",\"name\":\"Lumen\u00e9via\",\"description\":\"\",\"publisher\":{\"@id\":\"https:\\\/\\\/lumenevia.fr\\\/#organization\"},\"potentialAction\":[{\"@type\":\"SearchAction\",\"target\":{\"@type\":\"EntryPoint\",\"urlTemplate\":\"https:\\\/\\\/lumenevia.fr\\\/?s={search_term_string}\"},\"query-input\":{\"@type\":\"PropertyValueSpecification\",\"valueRequired\":true,\"valueName\":\"search_term_string\"}}],\"inLanguage\":\"fr-FR\"},{\"@type\":\"Organization\",\"@id\":\"https:\\\/\\\/lumenevia.fr\\\/#organization\",\"name\":\"Lumen\u00e9via\",\"url\":\"https:\\\/\\\/lumenevia.fr\\\/\",\"logo\":{\"@type\":\"ImageObject\",\"inLanguage\":\"fr-FR\",\"@id\":\"https:\\\/\\\/lumenevia.fr\\\/#\\\/schema\\\/logo\\\/image\\\/\",\"url\":\"http:\\\/\\\/lumenevia.fr\\\/wp-content\\\/uploads\\\/2025\\\/09\\\/LUMENEVIA_logo.png\",\"contentUrl\":\"http:\\\/\\\/lumenevia.fr\\\/wp-content\\\/uploads\\\/2025\\\/09\\\/LUMENEVIA_logo.png\",\"width\":1920,\"height\":1080,\"caption\":\"Lumen\u00e9via\"},\"image\":{\"@id\":\"https:\\\/\\\/lumenevia.fr\\\/#\\\/schema\\\/logo\\\/image\\\/\"}}]}<\/script>\n<!-- \/ Yoast SEO plugin. -->","yoast_head_json":{"title":"Mentions l\u00e9gales - Lumen\u00e9via","description":"Retrouvez les mentions l\u00e9gales de Lumenevia : informations sur l\u2019\u00e9diteur du site, l\u2019h\u00e9bergement OVH, la protection des contenus et la RGPD","robots":{"index":"index","follow":"follow","max-snippet":"max-snippet:-1","max-image-preview":"max-image-preview:large","max-video-preview":"max-video-preview:-1"},"canonical":"https:\/\/lumenevia.fr\/index.php\/mentions-legales\/","og_locale":"fr_FR","og_type":"article","og_title":"Mentions l\u00e9gales - Lumen\u00e9via","og_description":"Retrouvez les mentions l\u00e9gales de Lumenevia : informations sur l\u2019\u00e9diteur du site, l\u2019h\u00e9bergement OVH, la protection des contenus et la RGPD","og_url":"https:\/\/lumenevia.fr\/index.php\/mentions-legales\/","og_site_name":"Lumen\u00e9via","article_modified_time":"2025-10-01T10:39:40+00:00","twitter_card":"summary_large_image","schema":{"@context":"https:\/\/schema.org","@graph":[{"@type":"WebPage","@id":"https:\/\/lumenevia.fr\/index.php\/mentions-legales\/","url":"https:\/\/lumenevia.fr\/index.php\/mentions-legales\/","name":"Mentions l\u00e9gales - Lumen\u00e9via","isPartOf":{"@id":"https:\/\/lumenevia.fr\/#website"},"datePublished":"2025-08-07T10:19:27+00:00","dateModified":"2025-10-01T10:39:40+00:00","description":"Retrouvez les mentions l\u00e9gales de Lumenevia : informations sur l\u2019\u00e9diteur du site, l\u2019h\u00e9bergement OVH, la protection des contenus et la RGPD","breadcrumb":{"@id":"https:\/\/lumenevia.fr\/index.php\/mentions-legales\/#breadcrumb"},"inLanguage":"fr-FR","potentialAction":[{"@type":"ReadAction","target":["https:\/\/lumenevia.fr\/index.php\/mentions-legales\/"]}]},{"@type":"BreadcrumbList","@id":"https:\/\/lumenevia.fr\/index.php\/mentions-legales\/#breadcrumb","itemListElement":[{"@type":"ListItem","position":1,"name":"Accueil","item":"https:\/\/lumenevia.fr\/"},{"@type":"ListItem","position":2,"name":"Mentions l\u00e9gales"}]},{"@type":"WebSite","@id":"https:\/\/lumenevia.fr\/#website","url":"https:\/\/lumenevia.fr\/","name":"Lumen\u00e9via","description":"","publisher":{"@id":"https:\/\/lumenevia.fr\/#organization"},"potentialAction":[{"@type":"SearchAction","target":{"@type":"EntryPoint","urlTemplate":"https:\/\/lumenevia.fr\/?s={search_term_string}"},"query-input":{"@type":"PropertyValueSpecification","valueRequired":true,"valueName":"search_term_string"}}],"inLanguage":"fr-FR"},{"@type":"Organization","@id":"https:\/\/lumenevia.fr\/#organization","name":"Lumen\u00e9via","url":"https:\/\/lumenevia.fr\/","logo":{"@type":"ImageObject","inLanguage":"fr-FR","@id":"https:\/\/lumenevia.fr\/#\/schema\/logo\/image\/","url":"http:\/\/lumenevia.fr\/wp-content\/uploads\/2025\/09\/LUMENEVIA_logo.png","contentUrl":"http:\/\/lumenevia.fr\/wp-content\/uploads\/2025\/09\/LUMENEVIA_logo.png","width":1920,"height":1080,"caption":"Lumen\u00e9via"},"image":{"@id":"https:\/\/lumenevia.fr\/#\/schema\/logo\/image\/"}}]}},"_links":{"self":[{"href":"https:\/\/lumenevia.fr\/index.php\/wp-json\/wp\/v2\/pages\/2","targetHints":{"allow":["GET"]}}],"collection":[{"href":"https:\/\/lumenevia.fr\/index.php\/wp-json\/wp\/v2\/pages"}],"about":[{"href":"https:\/\/lumenevia.fr\/index.php\/wp-json\/wp\/v2\/types\/page"}],"author":[{"embeddable":true,"href":"https:\/\/lumenevia.fr\/index.php\/wp-json\/wp\/v2\/users\/1"}],"replies":[{"embeddable":true,"href":"https:\/\/lumenevia.fr\/index.php\/wp-json\/wp\/v2\/comments?post=2"}],"version-history":[{"count":4,"href":"https:\/\/lumenevia.fr\/index.php\/wp-json\/wp\/v2\/pages\/2\/revisions"}],"predecessor-version":[{"id":190,"href":"https:\/\/lumenevia.fr\/index.php\/wp-json\/wp\/v2\/pages\/2\/revisions\/190"}],"wp:attachment":[{"href":"https:\/\/lumenevia.fr\/index.php\/wp-json\/wp\/v2\/media?parent=2"}],"curies":[{"name":"wp","href":"https:\/\/api.w.org\/{rel}","templated":true}]}}