{"id":33,"date":"2025-09-11T17:42:18","date_gmt":"2025-09-11T17:42:18","guid":{"rendered":"http:\/\/lumenevia.fr\/index.php\/about\/"},"modified":"2026-01-23T14:50:11","modified_gmt":"2026-01-23T14:50:11","slug":"a-propos","status":"publish","type":"page","link":"https:\/\/lumenevia.fr\/index.php\/a-propos\/","title":{"rendered":"\u00c0 propos"},"content":{"rendered":"\n\n\n\n\n\n\n\n\n\n\n\n","protected":false},"excerpt":{"rendered":"","protected":false},"author":1,"featured_media":265,"parent":0,"menu_order":0,"comment_status":"closed","ping_status":"closed","template":"full-width","meta":{"saved_in_kubio":true,"footnotes":""},"class_list":["post-33","page","type-page","status-publish","has-post-thumbnail","hentry"],"kubio_ai_page_context":{"short_desc":"","purpose":"general"},"yoast_head":"<!-- This site is optimized with the Yoast SEO plugin v27.3 - https:\/\/yoast.com\/product\/yoast-seo-wordpress\/ -->\n<title>\u00c0 propos de Lumen\u00e9via | Expertise en \u00e9clairage public<\/title>\n<meta name=\"description\" content=\"D\u00e9couvrez Lumen\u00e9via, sp\u00e9cialiste de la formation et de l\u2019expertise en \u00e9clairage public. 30 ans d\u2019exp\u00e9rience \u00e0 votre service\" \/>\n<meta name=\"robots\" content=\"index, follow, max-snippet:-1, max-image-preview:large, max-video-preview:-1\" \/>\n<link rel=\"canonical\" href=\"https:\/\/lumenevia.fr\/index.php\/a-propos\/\" \/>\n<meta property=\"og:locale\" content=\"fr_FR\" \/>\n<meta property=\"og:type\" content=\"article\" \/>\n<meta property=\"og:title\" content=\"\u00c0 propos de Lumen\u00e9via | Expertise en \u00e9clairage public\" \/>\n<meta property=\"og:description\" content=\"D\u00e9couvrez Lumen\u00e9via, sp\u00e9cialiste de la formation et de l\u2019expertise en \u00e9clairage public. 30 ans d\u2019exp\u00e9rience \u00e0 votre service\" \/>\n<meta property=\"og:url\" content=\"https:\/\/lumenevia.fr\/index.php\/a-propos\/\" \/>\n<meta property=\"og:site_name\" content=\"Lumen\u00e9via\" \/>\n<meta property=\"article:modified_time\" content=\"2026-01-23T14:50:11+00:00\" \/>\n<meta property=\"og:image\" content=\"https:\/\/lumenevia.fr\/wp-content\/uploads\/2025\/10\/portrait-bertrand-formateur-eclairage-public-lumenevia-edited-scaled.jpeg\" \/>\n\t<meta property=\"og:image:width\" content=\"2560\" \/>\n\t<meta property=\"og:image:height\" content=\"1920\" \/>\n\t<meta property=\"og:image:type\" content=\"image\/jpeg\" \/>\n<meta name=\"twitter:card\" content=\"summary_large_image\" \/>\n<meta name=\"twitter:label1\" content=\"Dur\u00e9e de lecture estim\u00e9e\" \/>\n\t<meta name=\"twitter:data1\" content=\"1 minute\" \/>\n<script type=\"application\/ld+json\" class=\"yoast-schema-graph\">{\"@context\":\"https:\\\/\\\/schema.org\",\"@graph\":[{\"@type\":\"WebPage\",\"@id\":\"https:\\\/\\\/lumenevia.fr\\\/index.php\\\/a-propos\\\/\",\"url\":\"https:\\\/\\\/lumenevia.fr\\\/index.php\\\/a-propos\\\/\",\"name\":\"\u00c0 propos de Lumen\u00e9via | Expertise en \u00e9clairage public\",\"isPartOf\":{\"@id\":\"https:\\\/\\\/lumenevia.fr\\\/#website\"},\"primaryImageOfPage\":{\"@id\":\"https:\\\/\\\/lumenevia.fr\\\/index.php\\\/a-propos\\\/#primaryimage\"},\"image\":{\"@id\":\"https:\\\/\\\/lumenevia.fr\\\/index.php\\\/a-propos\\\/#primaryimage\"},\"thumbnailUrl\":\"https:\\\/\\\/lumenevia.fr\\\/wp-content\\\/uploads\\\/2025\\\/10\\\/portrait-bertrand-formateur-eclairage-public-lumenevia-edited-scaled.jpeg\",\"datePublished\":\"2025-09-11T17:42:18+00:00\",\"dateModified\":\"2026-01-23T14:50:11+00:00\",\"description\":\"D\u00e9couvrez Lumen\u00e9via, sp\u00e9cialiste de la formation et de l\u2019expertise en \u00e9clairage public. 30 ans d\u2019exp\u00e9rience \u00e0 votre service\",\"breadcrumb\":{\"@id\":\"https:\\\/\\\/lumenevia.fr\\\/index.php\\\/a-propos\\\/#breadcrumb\"},\"inLanguage\":\"fr-FR\",\"potentialAction\":[{\"@type\":\"ReadAction\",\"target\":[\"https:\\\/\\\/lumenevia.fr\\\/index.php\\\/a-propos\\\/\"]}]},{\"@type\":\"ImageObject\",\"inLanguage\":\"fr-FR\",\"@id\":\"https:\\\/\\\/lumenevia.fr\\\/index.php\\\/a-propos\\\/#primaryimage\",\"url\":\"https:\\\/\\\/lumenevia.fr\\\/wp-content\\\/uploads\\\/2025\\\/10\\\/portrait-bertrand-formateur-eclairage-public-lumenevia-edited-scaled.jpeg\",\"contentUrl\":\"https:\\\/\\\/lumenevia.fr\\\/wp-content\\\/uploads\\\/2025\\\/10\\\/portrait-bertrand-formateur-eclairage-public-lumenevia-edited-scaled.jpeg\",\"width\":2560,\"height\":1920,\"caption\":\"Bertrand, 30 ans d\u2019exp\u00e9rience en \u00e9clairage public au service de Lumenevia\"},{\"@type\":\"BreadcrumbList\",\"@id\":\"https:\\\/\\\/lumenevia.fr\\\/index.php\\\/a-propos\\\/#breadcrumb\",\"itemListElement\":[{\"@type\":\"ListItem\",\"position\":1,\"name\":\"Accueil\",\"item\":\"https:\\\/\\\/lumenevia.fr\\\/\"},{\"@type\":\"ListItem\",\"position\":2,\"name\":\"\u00c0 propos\"}]},{\"@type\":\"WebSite\",\"@id\":\"https:\\\/\\\/lumenevia.fr\\\/#website\",\"url\":\"https:\\\/\\\/lumenevia.fr\\\/\",\"name\":\"Lumen\u00e9via\",\"description\":\"\",\"publisher\":{\"@id\":\"https:\\\/\\\/lumenevia.fr\\\/#organization\"},\"potentialAction\":[{\"@type\":\"SearchAction\",\"target\":{\"@type\":\"EntryPoint\",\"urlTemplate\":\"https:\\\/\\\/lumenevia.fr\\\/?s={search_term_string}\"},\"query-input\":{\"@type\":\"PropertyValueSpecification\",\"valueRequired\":true,\"valueName\":\"search_term_string\"}}],\"inLanguage\":\"fr-FR\"},{\"@type\":\"Organization\",\"@id\":\"https:\\\/\\\/lumenevia.fr\\\/#organization\",\"name\":\"Lumen\u00e9via\",\"url\":\"https:\\\/\\\/lumenevia.fr\\\/\",\"logo\":{\"@type\":\"ImageObject\",\"inLanguage\":\"fr-FR\",\"@id\":\"https:\\\/\\\/lumenevia.fr\\\/#\\\/schema\\\/logo\\\/image\\\/\",\"url\":\"http:\\\/\\\/lumenevia.fr\\\/wp-content\\\/uploads\\\/2025\\\/09\\\/LUMENEVIA_logo.png\",\"contentUrl\":\"http:\\\/\\\/lumenevia.fr\\\/wp-content\\\/uploads\\\/2025\\\/09\\\/LUMENEVIA_logo.png\",\"width\":1920,\"height\":1080,\"caption\":\"Lumen\u00e9via\"},\"image\":{\"@id\":\"https:\\\/\\\/lumenevia.fr\\\/#\\\/schema\\\/logo\\\/image\\\/\"}}]}<\/script>\n<!-- \/ Yoast SEO plugin. -->","yoast_head_json":{"title":"\u00c0 propos de Lumen\u00e9via | Expertise en \u00e9clairage public","description":"D\u00e9couvrez Lumen\u00e9via, sp\u00e9cialiste de la formation et de l\u2019expertise en \u00e9clairage public. 30 ans d\u2019exp\u00e9rience \u00e0 votre service","robots":{"index":"index","follow":"follow","max-snippet":"max-snippet:-1","max-image-preview":"max-image-preview:large","max-video-preview":"max-video-preview:-1"},"canonical":"https:\/\/lumenevia.fr\/index.php\/a-propos\/","og_locale":"fr_FR","og_type":"article","og_title":"\u00c0 propos de Lumen\u00e9via | Expertise en \u00e9clairage public","og_description":"D\u00e9couvrez Lumen\u00e9via, sp\u00e9cialiste de la formation et de l\u2019expertise en \u00e9clairage public. 30 ans d\u2019exp\u00e9rience \u00e0 votre service","og_url":"https:\/\/lumenevia.fr\/index.php\/a-propos\/","og_site_name":"Lumen\u00e9via","article_modified_time":"2026-01-23T14:50:11+00:00","og_image":[{"width":2560,"height":1920,"url":"https:\/\/lumenevia.fr\/wp-content\/uploads\/2025\/10\/portrait-bertrand-formateur-eclairage-public-lumenevia-edited-scaled.jpeg","type":"image\/jpeg"}],"twitter_card":"summary_large_image","twitter_misc":{"Dur\u00e9e de lecture estim\u00e9e":"1 minute"},"schema":{"@context":"https:\/\/schema.org","@graph":[{"@type":"WebPage","@id":"https:\/\/lumenevia.fr\/index.php\/a-propos\/","url":"https:\/\/lumenevia.fr\/index.php\/a-propos\/","name":"\u00c0 propos de Lumen\u00e9via | Expertise en \u00e9clairage public","isPartOf":{"@id":"https:\/\/lumenevia.fr\/#website"},"primaryImageOfPage":{"@id":"https:\/\/lumenevia.fr\/index.php\/a-propos\/#primaryimage"},"image":{"@id":"https:\/\/lumenevia.fr\/index.php\/a-propos\/#primaryimage"},"thumbnailUrl":"https:\/\/lumenevia.fr\/wp-content\/uploads\/2025\/10\/portrait-bertrand-formateur-eclairage-public-lumenevia-edited-scaled.jpeg","datePublished":"2025-09-11T17:42:18+00:00","dateModified":"2026-01-23T14:50:11+00:00","description":"D\u00e9couvrez Lumen\u00e9via, sp\u00e9cialiste de la formation et de l\u2019expertise en \u00e9clairage public. 30 ans d\u2019exp\u00e9rience \u00e0 votre service","breadcrumb":{"@id":"https:\/\/lumenevia.fr\/index.php\/a-propos\/#breadcrumb"},"inLanguage":"fr-FR","potentialAction":[{"@type":"ReadAction","target":["https:\/\/lumenevia.fr\/index.php\/a-propos\/"]}]},{"@type":"ImageObject","inLanguage":"fr-FR","@id":"https:\/\/lumenevia.fr\/index.php\/a-propos\/#primaryimage","url":"https:\/\/lumenevia.fr\/wp-content\/uploads\/2025\/10\/portrait-bertrand-formateur-eclairage-public-lumenevia-edited-scaled.jpeg","contentUrl":"https:\/\/lumenevia.fr\/wp-content\/uploads\/2025\/10\/portrait-bertrand-formateur-eclairage-public-lumenevia-edited-scaled.jpeg","width":2560,"height":1920,"caption":"Bertrand, 30 ans d\u2019exp\u00e9rience en \u00e9clairage public au service de Lumenevia"},{"@type":"BreadcrumbList","@id":"https:\/\/lumenevia.fr\/index.php\/a-propos\/#breadcrumb","itemListElement":[{"@type":"ListItem","position":1,"name":"Accueil","item":"https:\/\/lumenevia.fr\/"},{"@type":"ListItem","position":2,"name":"\u00c0 propos"}]},{"@type":"WebSite","@id":"https:\/\/lumenevia.fr\/#website","url":"https:\/\/lumenevia.fr\/","name":"Lumen\u00e9via","description":"","publisher":{"@id":"https:\/\/lumenevia.fr\/#organization"},"potentialAction":[{"@type":"SearchAction","target":{"@type":"EntryPoint","urlTemplate":"https:\/\/lumenevia.fr\/?s={search_term_string}"},"query-input":{"@type":"PropertyValueSpecification","valueRequired":true,"valueName":"search_term_string"}}],"inLanguage":"fr-FR"},{"@type":"Organization","@id":"https:\/\/lumenevia.fr\/#organization","name":"Lumen\u00e9via","url":"https:\/\/lumenevia.fr\/","logo":{"@type":"ImageObject","inLanguage":"fr-FR","@id":"https:\/\/lumenevia.fr\/#\/schema\/logo\/image\/","url":"http:\/\/lumenevia.fr\/wp-content\/uploads\/2025\/09\/LUMENEVIA_logo.png","contentUrl":"http:\/\/lumenevia.fr\/wp-content\/uploads\/2025\/09\/LUMENEVIA_logo.png","width":1920,"height":1080,"caption":"Lumen\u00e9via"},"image":{"@id":"https:\/\/lumenevia.fr\/#\/schema\/logo\/image\/"}}]}},"_links":{"self":[{"href":"https:\/\/lumenevia.fr\/index.php\/wp-json\/wp\/v2\/pages\/33","targetHints":{"allow":["GET"]}}],"collection":[{"href":"https:\/\/lumenevia.fr\/index.php\/wp-json\/wp\/v2\/pages"}],"about":[{"href":"https:\/\/lumenevia.fr\/index.php\/wp-json\/wp\/v2\/types\/page"}],"author":[{"embeddable":true,"href":"https:\/\/lumenevia.fr\/index.php\/wp-json\/wp\/v2\/users\/1"}],"replies":[{"embeddable":true,"href":"https:\/\/lumenevia.fr\/index.php\/wp-json\/wp\/v2\/comments?post=33"}],"version-history":[{"count":26,"href":"https:\/\/lumenevia.fr\/index.php\/wp-json\/wp\/v2\/pages\/33\/revisions"}],"predecessor-version":[{"id":535,"href":"https:\/\/lumenevia.fr\/index.php\/wp-json\/wp\/v2\/pages\/33\/revisions\/535"}],"wp:featuredmedia":[{"embeddable":true,"href":"https:\/\/lumenevia.fr\/index.php\/wp-json\/wp\/v2\/media\/265"}],"wp:attachment":[{"href":"https:\/\/lumenevia.fr\/index.php\/wp-json\/wp\/v2\/media?parent=33"}],"curies":[{"name":"wp","href":"https:\/\/api.w.org\/{rel}","templated":true}]}}