{"id":376,"date":"2025-12-10T12:37:19","date_gmt":"2025-12-10T12:37:19","guid":{"rendered":"https:\/\/lumenevia.fr\/index.php\/formations-pour-les-collectivites\/"},"modified":"2026-01-23T14:59:52","modified_gmt":"2026-01-23T14:59:52","slug":"formations-pour-les-collectivites","status":"publish","type":"page","link":"https:\/\/lumenevia.fr\/index.php\/les-formations\/formations-pour-les-collectivites\/","title":{"rendered":"Formations pour les collectivit\u00e9s"},"content":{"rendered":"\n\n\n\n\n\n\n\n","protected":false},"excerpt":{"rendered":"","protected":false},"author":1,"featured_media":347,"parent":323,"menu_order":0,"comment_status":"closed","ping_status":"closed","template":"home-page.php","meta":{"saved_in_kubio":true,"footnotes":""},"class_list":["post-376","page","type-page","status-publish","has-post-thumbnail","hentry"],"kubio_ai_page_context":{"short_desc":"","purpose":"general"},"yoast_head":"<!-- This site is optimized with the Yoast SEO plugin v27.3 - https:\/\/yoast.com\/product\/yoast-seo-wordpress\/ -->\n<title>Formation en \u00e9clairage public pour les collectivit\u00e9s | Lumen\u00e9via<\/title>\n<meta name=\"description\" content=\"Formation en \u00e9clairage public pour collectivit\u00e9s. Lumen\u00e9via forme \u00e9lus et agents aux bases techniques, r\u00e9glementaires et \u00e9nerg\u00e9tiques.\" \/>\n<meta name=\"robots\" content=\"index, follow, max-snippet:-1, max-image-preview:large, max-video-preview:-1\" \/>\n<link rel=\"canonical\" href=\"https:\/\/lumenevia.fr\/index.php\/les-formations\/formations-pour-les-collectivites\/\" \/>\n<meta property=\"og:locale\" content=\"fr_FR\" \/>\n<meta property=\"og:type\" content=\"article\" \/>\n<meta property=\"og:title\" content=\"Formation en \u00e9clairage public pour les collectivit\u00e9s | Lumen\u00e9via\" \/>\n<meta property=\"og:description\" content=\"Formation en \u00e9clairage public pour collectivit\u00e9s. Lumen\u00e9via forme \u00e9lus et agents aux bases techniques, r\u00e9glementaires et \u00e9nerg\u00e9tiques.\" \/>\n<meta property=\"og:url\" content=\"https:\/\/lumenevia.fr\/index.php\/les-formations\/formations-pour-les-collectivites\/\" \/>\n<meta property=\"og:site_name\" content=\"Lumen\u00e9via\" \/>\n<meta property=\"article:modified_time\" content=\"2026-01-23T14:59:52+00:00\" \/>\n<meta property=\"og:image\" content=\"https:\/\/lumenevia.fr\/wp-content\/uploads\/2025\/11\/formations-collectivites-lumenevia-edited-scaled.jpg\" \/>\n\t<meta property=\"og:image:width\" content=\"2560\" \/>\n\t<meta property=\"og:image:height\" content=\"1597\" \/>\n\t<meta property=\"og:image:type\" content=\"image\/jpeg\" \/>\n<meta name=\"twitter:card\" content=\"summary_large_image\" \/>\n<meta name=\"twitter:label1\" content=\"Dur\u00e9e de lecture estim\u00e9e\" \/>\n\t<meta name=\"twitter:data1\" content=\"1 minute\" \/>\n<script type=\"application\/ld+json\" class=\"yoast-schema-graph\">{\"@context\":\"https:\\\/\\\/schema.org\",\"@graph\":[{\"@type\":\"WebPage\",\"@id\":\"https:\\\/\\\/lumenevia.fr\\\/index.php\\\/les-formations\\\/formations-pour-les-collectivites\\\/\",\"url\":\"https:\\\/\\\/lumenevia.fr\\\/index.php\\\/les-formations\\\/formations-pour-les-collectivites\\\/\",\"name\":\"Formation en \u00e9clairage public pour les collectivit\u00e9s | Lumen\u00e9via\",\"isPartOf\":{\"@id\":\"https:\\\/\\\/lumenevia.fr\\\/#website\"},\"primaryImageOfPage\":{\"@id\":\"https:\\\/\\\/lumenevia.fr\\\/index.php\\\/les-formations\\\/formations-pour-les-collectivites\\\/#primaryimage\"},\"image\":{\"@id\":\"https:\\\/\\\/lumenevia.fr\\\/index.php\\\/les-formations\\\/formations-pour-les-collectivites\\\/#primaryimage\"},\"thumbnailUrl\":\"https:\\\/\\\/lumenevia.fr\\\/wp-content\\\/uploads\\\/2025\\\/11\\\/formations-collectivites-lumenevia-edited-scaled.jpg\",\"datePublished\":\"2025-12-10T12:37:19+00:00\",\"dateModified\":\"2026-01-23T14:59:52+00:00\",\"description\":\"Formation en \u00e9clairage public pour collectivit\u00e9s. Lumen\u00e9via forme \u00e9lus et agents aux bases techniques, r\u00e9glementaires et \u00e9nerg\u00e9tiques.\",\"breadcrumb\":{\"@id\":\"https:\\\/\\\/lumenevia.fr\\\/index.php\\\/les-formations\\\/formations-pour-les-collectivites\\\/#breadcrumb\"},\"inLanguage\":\"fr-FR\",\"potentialAction\":[{\"@type\":\"ReadAction\",\"target\":[\"https:\\\/\\\/lumenevia.fr\\\/index.php\\\/les-formations\\\/formations-pour-les-collectivites\\\/\"]}]},{\"@type\":\"ImageObject\",\"inLanguage\":\"fr-FR\",\"@id\":\"https:\\\/\\\/lumenevia.fr\\\/index.php\\\/les-formations\\\/formations-pour-les-collectivites\\\/#primaryimage\",\"url\":\"https:\\\/\\\/lumenevia.fr\\\/wp-content\\\/uploads\\\/2025\\\/11\\\/formations-collectivites-lumenevia-edited-scaled.jpg\",\"contentUrl\":\"https:\\\/\\\/lumenevia.fr\\\/wp-content\\\/uploads\\\/2025\\\/11\\\/formations-collectivites-lumenevia-edited-scaled.jpg\",\"width\":2560,\"height\":1597,\"caption\":\"Session de formation Lumen\u00e9via au sein d\u2019une collectivit\u00e9 locale.\"},{\"@type\":\"BreadcrumbList\",\"@id\":\"https:\\\/\\\/lumenevia.fr\\\/index.php\\\/les-formations\\\/formations-pour-les-collectivites\\\/#breadcrumb\",\"itemListElement\":[{\"@type\":\"ListItem\",\"position\":1,\"name\":\"Accueil\",\"item\":\"https:\\\/\\\/lumenevia.fr\\\/\"},{\"@type\":\"ListItem\",\"position\":2,\"name\":\"Les formations\",\"item\":\"https:\\\/\\\/lumenevia.fr\\\/index.php\\\/les-formations\\\/\"},{\"@type\":\"ListItem\",\"position\":3,\"name\":\"Formations pour les collectivit\u00e9s\"}]},{\"@type\":\"WebSite\",\"@id\":\"https:\\\/\\\/lumenevia.fr\\\/#website\",\"url\":\"https:\\\/\\\/lumenevia.fr\\\/\",\"name\":\"Lumen\u00e9via\",\"description\":\"\",\"publisher\":{\"@id\":\"https:\\\/\\\/lumenevia.fr\\\/#organization\"},\"potentialAction\":[{\"@type\":\"SearchAction\",\"target\":{\"@type\":\"EntryPoint\",\"urlTemplate\":\"https:\\\/\\\/lumenevia.fr\\\/?s={search_term_string}\"},\"query-input\":{\"@type\":\"PropertyValueSpecification\",\"valueRequired\":true,\"valueName\":\"search_term_string\"}}],\"inLanguage\":\"fr-FR\"},{\"@type\":\"Organization\",\"@id\":\"https:\\\/\\\/lumenevia.fr\\\/#organization\",\"name\":\"Lumen\u00e9via\",\"url\":\"https:\\\/\\\/lumenevia.fr\\\/\",\"logo\":{\"@type\":\"ImageObject\",\"inLanguage\":\"fr-FR\",\"@id\":\"https:\\\/\\\/lumenevia.fr\\\/#\\\/schema\\\/logo\\\/image\\\/\",\"url\":\"http:\\\/\\\/lumenevia.fr\\\/wp-content\\\/uploads\\\/2025\\\/09\\\/LUMENEVIA_logo.png\",\"contentUrl\":\"http:\\\/\\\/lumenevia.fr\\\/wp-content\\\/uploads\\\/2025\\\/09\\\/LUMENEVIA_logo.png\",\"width\":1920,\"height\":1080,\"caption\":\"Lumen\u00e9via\"},\"image\":{\"@id\":\"https:\\\/\\\/lumenevia.fr\\\/#\\\/schema\\\/logo\\\/image\\\/\"}}]}<\/script>\n<!-- \/ Yoast SEO plugin. -->","yoast_head_json":{"title":"Formation en \u00e9clairage public pour les collectivit\u00e9s | Lumen\u00e9via","description":"Formation en \u00e9clairage public pour collectivit\u00e9s. Lumen\u00e9via forme \u00e9lus et agents aux bases techniques, r\u00e9glementaires et \u00e9nerg\u00e9tiques.","robots":{"index":"index","follow":"follow","max-snippet":"max-snippet:-1","max-image-preview":"max-image-preview:large","max-video-preview":"max-video-preview:-1"},"canonical":"https:\/\/lumenevia.fr\/index.php\/les-formations\/formations-pour-les-collectivites\/","og_locale":"fr_FR","og_type":"article","og_title":"Formation en \u00e9clairage public pour les collectivit\u00e9s | Lumen\u00e9via","og_description":"Formation en \u00e9clairage public pour collectivit\u00e9s. Lumen\u00e9via forme \u00e9lus et agents aux bases techniques, r\u00e9glementaires et \u00e9nerg\u00e9tiques.","og_url":"https:\/\/lumenevia.fr\/index.php\/les-formations\/formations-pour-les-collectivites\/","og_site_name":"Lumen\u00e9via","article_modified_time":"2026-01-23T14:59:52+00:00","og_image":[{"width":2560,"height":1597,"url":"https:\/\/lumenevia.fr\/wp-content\/uploads\/2025\/11\/formations-collectivites-lumenevia-edited-scaled.jpg","type":"image\/jpeg"}],"twitter_card":"summary_large_image","twitter_misc":{"Dur\u00e9e de lecture estim\u00e9e":"1 minute"},"schema":{"@context":"https:\/\/schema.org","@graph":[{"@type":"WebPage","@id":"https:\/\/lumenevia.fr\/index.php\/les-formations\/formations-pour-les-collectivites\/","url":"https:\/\/lumenevia.fr\/index.php\/les-formations\/formations-pour-les-collectivites\/","name":"Formation en \u00e9clairage public pour les collectivit\u00e9s | Lumen\u00e9via","isPartOf":{"@id":"https:\/\/lumenevia.fr\/#website"},"primaryImageOfPage":{"@id":"https:\/\/lumenevia.fr\/index.php\/les-formations\/formations-pour-les-collectivites\/#primaryimage"},"image":{"@id":"https:\/\/lumenevia.fr\/index.php\/les-formations\/formations-pour-les-collectivites\/#primaryimage"},"thumbnailUrl":"https:\/\/lumenevia.fr\/wp-content\/uploads\/2025\/11\/formations-collectivites-lumenevia-edited-scaled.jpg","datePublished":"2025-12-10T12:37:19+00:00","dateModified":"2026-01-23T14:59:52+00:00","description":"Formation en \u00e9clairage public pour collectivit\u00e9s. Lumen\u00e9via forme \u00e9lus et agents aux bases techniques, r\u00e9glementaires et \u00e9nerg\u00e9tiques.","breadcrumb":{"@id":"https:\/\/lumenevia.fr\/index.php\/les-formations\/formations-pour-les-collectivites\/#breadcrumb"},"inLanguage":"fr-FR","potentialAction":[{"@type":"ReadAction","target":["https:\/\/lumenevia.fr\/index.php\/les-formations\/formations-pour-les-collectivites\/"]}]},{"@type":"ImageObject","inLanguage":"fr-FR","@id":"https:\/\/lumenevia.fr\/index.php\/les-formations\/formations-pour-les-collectivites\/#primaryimage","url":"https:\/\/lumenevia.fr\/wp-content\/uploads\/2025\/11\/formations-collectivites-lumenevia-edited-scaled.jpg","contentUrl":"https:\/\/lumenevia.fr\/wp-content\/uploads\/2025\/11\/formations-collectivites-lumenevia-edited-scaled.jpg","width":2560,"height":1597,"caption":"Session de formation Lumen\u00e9via au sein d\u2019une collectivit\u00e9 locale."},{"@type":"BreadcrumbList","@id":"https:\/\/lumenevia.fr\/index.php\/les-formations\/formations-pour-les-collectivites\/#breadcrumb","itemListElement":[{"@type":"ListItem","position":1,"name":"Accueil","item":"https:\/\/lumenevia.fr\/"},{"@type":"ListItem","position":2,"name":"Les formations","item":"https:\/\/lumenevia.fr\/index.php\/les-formations\/"},{"@type":"ListItem","position":3,"name":"Formations pour les collectivit\u00e9s"}]},{"@type":"WebSite","@id":"https:\/\/lumenevia.fr\/#website","url":"https:\/\/lumenevia.fr\/","name":"Lumen\u00e9via","description":"","publisher":{"@id":"https:\/\/lumenevia.fr\/#organization"},"potentialAction":[{"@type":"SearchAction","target":{"@type":"EntryPoint","urlTemplate":"https:\/\/lumenevia.fr\/?s={search_term_string}"},"query-input":{"@type":"PropertyValueSpecification","valueRequired":true,"valueName":"search_term_string"}}],"inLanguage":"fr-FR"},{"@type":"Organization","@id":"https:\/\/lumenevia.fr\/#organization","name":"Lumen\u00e9via","url":"https:\/\/lumenevia.fr\/","logo":{"@type":"ImageObject","inLanguage":"fr-FR","@id":"https:\/\/lumenevia.fr\/#\/schema\/logo\/image\/","url":"http:\/\/lumenevia.fr\/wp-content\/uploads\/2025\/09\/LUMENEVIA_logo.png","contentUrl":"http:\/\/lumenevia.fr\/wp-content\/uploads\/2025\/09\/LUMENEVIA_logo.png","width":1920,"height":1080,"caption":"Lumen\u00e9via"},"image":{"@id":"https:\/\/lumenevia.fr\/#\/schema\/logo\/image\/"}}]}},"_links":{"self":[{"href":"https:\/\/lumenevia.fr\/index.php\/wp-json\/wp\/v2\/pages\/376","targetHints":{"allow":["GET"]}}],"collection":[{"href":"https:\/\/lumenevia.fr\/index.php\/wp-json\/wp\/v2\/pages"}],"about":[{"href":"https:\/\/lumenevia.fr\/index.php\/wp-json\/wp\/v2\/types\/page"}],"author":[{"embeddable":true,"href":"https:\/\/lumenevia.fr\/index.php\/wp-json\/wp\/v2\/users\/1"}],"replies":[{"embeddable":true,"href":"https:\/\/lumenevia.fr\/index.php\/wp-json\/wp\/v2\/comments?post=376"}],"version-history":[{"count":33,"href":"https:\/\/lumenevia.fr\/index.php\/wp-json\/wp\/v2\/pages\/376\/revisions"}],"predecessor-version":[{"id":537,"href":"https:\/\/lumenevia.fr\/index.php\/wp-json\/wp\/v2\/pages\/376\/revisions\/537"}],"up":[{"embeddable":true,"href":"https:\/\/lumenevia.fr\/index.php\/wp-json\/wp\/v2\/pages\/323"}],"wp:featuredmedia":[{"embeddable":true,"href":"https:\/\/lumenevia.fr\/index.php\/wp-json\/wp\/v2\/media\/347"}],"wp:attachment":[{"href":"https:\/\/lumenevia.fr\/index.php\/wp-json\/wp\/v2\/media?parent=376"}],"curies":[{"name":"wp","href":"https:\/\/api.w.org\/{rel}","templated":true}]}}