{"id":437,"date":"2025-12-24T15:22:32","date_gmt":"2025-12-24T15:22:32","guid":{"rendered":"https:\/\/lumenevia.fr\/index.php\/formation-pour-les-entreprises\/"},"modified":"2026-01-23T14:59:09","modified_gmt":"2026-01-23T14:59:09","slug":"formation-pour-les-entreprises","status":"publish","type":"page","link":"https:\/\/lumenevia.fr\/index.php\/les-formations\/formation-pour-les-entreprises\/","title":{"rendered":"Formation pour les entreprises"},"content":{"rendered":"\n\n\n\n\n\n\n\n\n\n","protected":false},"excerpt":{"rendered":"","protected":false},"author":1,"featured_media":438,"parent":323,"menu_order":0,"comment_status":"closed","ping_status":"closed","template":"home-page.php","meta":{"saved_in_kubio":true,"footnotes":""},"class_list":["post-437","page","type-page","status-publish","has-post-thumbnail","hentry"],"kubio_ai_page_context":{"short_desc":"","purpose":"general"},"yoast_head":"<!-- This site is optimized with the Yoast SEO plugin v27.3 - https:\/\/yoast.com\/product\/yoast-seo-wordpress\/ -->\n<title>Formation en \u00e9clairage public pour les entreprises | Lumen\u00e9via<\/title>\n<meta name=\"description\" content=\"Formations en \u00e9clairage public pour entreprises de r\u00e9seaux. Lumen\u00e9via forme \u00e9quipes terrain, s\u00e9curit\u00e9 et conformit\u00e9, directement sur site.\" \/>\n<meta name=\"robots\" content=\"index, follow, max-snippet:-1, max-image-preview:large, max-video-preview:-1\" \/>\n<link rel=\"canonical\" href=\"https:\/\/lumenevia.fr\/index.php\/les-formations\/formation-pour-les-entreprises\/\" \/>\n<meta property=\"og:locale\" content=\"fr_FR\" \/>\n<meta property=\"og:type\" content=\"article\" \/>\n<meta property=\"og:title\" content=\"Formation en \u00e9clairage public pour les entreprises | Lumen\u00e9via\" \/>\n<meta property=\"og:description\" content=\"Formations en \u00e9clairage public pour entreprises de r\u00e9seaux. Lumen\u00e9via forme \u00e9quipes terrain, s\u00e9curit\u00e9 et conformit\u00e9, directement sur site.\" \/>\n<meta property=\"og:url\" content=\"https:\/\/lumenevia.fr\/index.php\/les-formations\/formation-pour-les-entreprises\/\" \/>\n<meta property=\"og:site_name\" content=\"Lumen\u00e9via\" \/>\n<meta property=\"article:modified_time\" content=\"2026-01-23T14:59:09+00:00\" \/>\n<meta property=\"og:image\" content=\"https:\/\/lumenevia.fr\/wp-content\/uploads\/2025\/12\/formation-eclairage-public-entreprises-lumenevia-edited-scaled.jpg\" \/>\n\t<meta property=\"og:image:width\" content=\"2560\" \/>\n\t<meta property=\"og:image:height\" content=\"1600\" \/>\n\t<meta property=\"og:image:type\" content=\"image\/jpeg\" \/>\n<meta name=\"twitter:card\" content=\"summary_large_image\" \/>\n<meta name=\"twitter:label1\" content=\"Dur\u00e9e de lecture estim\u00e9e\" \/>\n\t<meta name=\"twitter:data1\" content=\"1 minute\" \/>\n<script type=\"application\/ld+json\" class=\"yoast-schema-graph\">{\"@context\":\"https:\\\/\\\/schema.org\",\"@graph\":[{\"@type\":\"WebPage\",\"@id\":\"https:\\\/\\\/lumenevia.fr\\\/index.php\\\/les-formations\\\/formation-pour-les-entreprises\\\/\",\"url\":\"https:\\\/\\\/lumenevia.fr\\\/index.php\\\/les-formations\\\/formation-pour-les-entreprises\\\/\",\"name\":\"Formation en \u00e9clairage public pour les entreprises | Lumen\u00e9via\",\"isPartOf\":{\"@id\":\"https:\\\/\\\/lumenevia.fr\\\/#website\"},\"primaryImageOfPage\":{\"@id\":\"https:\\\/\\\/lumenevia.fr\\\/index.php\\\/les-formations\\\/formation-pour-les-entreprises\\\/#primaryimage\"},\"image\":{\"@id\":\"https:\\\/\\\/lumenevia.fr\\\/index.php\\\/les-formations\\\/formation-pour-les-entreprises\\\/#primaryimage\"},\"thumbnailUrl\":\"https:\\\/\\\/lumenevia.fr\\\/wp-content\\\/uploads\\\/2025\\\/12\\\/formation-eclairage-public-entreprises-lumenevia-edited-scaled.jpg\",\"datePublished\":\"2025-12-24T15:22:32+00:00\",\"dateModified\":\"2026-01-23T14:59:09+00:00\",\"description\":\"Formations en \u00e9clairage public pour entreprises de r\u00e9seaux. Lumen\u00e9via forme \u00e9quipes terrain, s\u00e9curit\u00e9 et conformit\u00e9, directement sur site.\",\"breadcrumb\":{\"@id\":\"https:\\\/\\\/lumenevia.fr\\\/index.php\\\/les-formations\\\/formation-pour-les-entreprises\\\/#breadcrumb\"},\"inLanguage\":\"fr-FR\",\"potentialAction\":[{\"@type\":\"ReadAction\",\"target\":[\"https:\\\/\\\/lumenevia.fr\\\/index.php\\\/les-formations\\\/formation-pour-les-entreprises\\\/\"]}]},{\"@type\":\"ImageObject\",\"inLanguage\":\"fr-FR\",\"@id\":\"https:\\\/\\\/lumenevia.fr\\\/index.php\\\/les-formations\\\/formation-pour-les-entreprises\\\/#primaryimage\",\"url\":\"https:\\\/\\\/lumenevia.fr\\\/wp-content\\\/uploads\\\/2025\\\/12\\\/formation-eclairage-public-entreprises-lumenevia-edited-scaled.jpg\",\"contentUrl\":\"https:\\\/\\\/lumenevia.fr\\\/wp-content\\\/uploads\\\/2025\\\/12\\\/formation-eclairage-public-entreprises-lumenevia-edited-scaled.jpg\",\"width\":2560,\"height\":1600,\"caption\":\"Formations Lumen\u00e9via pour les entreprises : renforcer vos comp\u00e9tences en \u00e9clairage public\"},{\"@type\":\"BreadcrumbList\",\"@id\":\"https:\\\/\\\/lumenevia.fr\\\/index.php\\\/les-formations\\\/formation-pour-les-entreprises\\\/#breadcrumb\",\"itemListElement\":[{\"@type\":\"ListItem\",\"position\":1,\"name\":\"Accueil\",\"item\":\"https:\\\/\\\/lumenevia.fr\\\/\"},{\"@type\":\"ListItem\",\"position\":2,\"name\":\"Les formations\",\"item\":\"https:\\\/\\\/lumenevia.fr\\\/index.php\\\/les-formations\\\/\"},{\"@type\":\"ListItem\",\"position\":3,\"name\":\"Formation pour les entreprises\"}]},{\"@type\":\"WebSite\",\"@id\":\"https:\\\/\\\/lumenevia.fr\\\/#website\",\"url\":\"https:\\\/\\\/lumenevia.fr\\\/\",\"name\":\"Lumen\u00e9via\",\"description\":\"\",\"publisher\":{\"@id\":\"https:\\\/\\\/lumenevia.fr\\\/#organization\"},\"potentialAction\":[{\"@type\":\"SearchAction\",\"target\":{\"@type\":\"EntryPoint\",\"urlTemplate\":\"https:\\\/\\\/lumenevia.fr\\\/?s={search_term_string}\"},\"query-input\":{\"@type\":\"PropertyValueSpecification\",\"valueRequired\":true,\"valueName\":\"search_term_string\"}}],\"inLanguage\":\"fr-FR\"},{\"@type\":\"Organization\",\"@id\":\"https:\\\/\\\/lumenevia.fr\\\/#organization\",\"name\":\"Lumen\u00e9via\",\"url\":\"https:\\\/\\\/lumenevia.fr\\\/\",\"logo\":{\"@type\":\"ImageObject\",\"inLanguage\":\"fr-FR\",\"@id\":\"https:\\\/\\\/lumenevia.fr\\\/#\\\/schema\\\/logo\\\/image\\\/\",\"url\":\"http:\\\/\\\/lumenevia.fr\\\/wp-content\\\/uploads\\\/2025\\\/09\\\/LUMENEVIA_logo.png\",\"contentUrl\":\"http:\\\/\\\/lumenevia.fr\\\/wp-content\\\/uploads\\\/2025\\\/09\\\/LUMENEVIA_logo.png\",\"width\":1920,\"height\":1080,\"caption\":\"Lumen\u00e9via\"},\"image\":{\"@id\":\"https:\\\/\\\/lumenevia.fr\\\/#\\\/schema\\\/logo\\\/image\\\/\"}}]}<\/script>\n<!-- \/ Yoast SEO plugin. -->","yoast_head_json":{"title":"Formation en \u00e9clairage public pour les entreprises | Lumen\u00e9via","description":"Formations en \u00e9clairage public pour entreprises de r\u00e9seaux. Lumen\u00e9via forme \u00e9quipes terrain, s\u00e9curit\u00e9 et conformit\u00e9, directement sur site.","robots":{"index":"index","follow":"follow","max-snippet":"max-snippet:-1","max-image-preview":"max-image-preview:large","max-video-preview":"max-video-preview:-1"},"canonical":"https:\/\/lumenevia.fr\/index.php\/les-formations\/formation-pour-les-entreprises\/","og_locale":"fr_FR","og_type":"article","og_title":"Formation en \u00e9clairage public pour les entreprises | Lumen\u00e9via","og_description":"Formations en \u00e9clairage public pour entreprises de r\u00e9seaux. Lumen\u00e9via forme \u00e9quipes terrain, s\u00e9curit\u00e9 et conformit\u00e9, directement sur site.","og_url":"https:\/\/lumenevia.fr\/index.php\/les-formations\/formation-pour-les-entreprises\/","og_site_name":"Lumen\u00e9via","article_modified_time":"2026-01-23T14:59:09+00:00","og_image":[{"width":2560,"height":1600,"url":"https:\/\/lumenevia.fr\/wp-content\/uploads\/2025\/12\/formation-eclairage-public-entreprises-lumenevia-edited-scaled.jpg","type":"image\/jpeg"}],"twitter_card":"summary_large_image","twitter_misc":{"Dur\u00e9e de lecture estim\u00e9e":"1 minute"},"schema":{"@context":"https:\/\/schema.org","@graph":[{"@type":"WebPage","@id":"https:\/\/lumenevia.fr\/index.php\/les-formations\/formation-pour-les-entreprises\/","url":"https:\/\/lumenevia.fr\/index.php\/les-formations\/formation-pour-les-entreprises\/","name":"Formation en \u00e9clairage public pour les entreprises | Lumen\u00e9via","isPartOf":{"@id":"https:\/\/lumenevia.fr\/#website"},"primaryImageOfPage":{"@id":"https:\/\/lumenevia.fr\/index.php\/les-formations\/formation-pour-les-entreprises\/#primaryimage"},"image":{"@id":"https:\/\/lumenevia.fr\/index.php\/les-formations\/formation-pour-les-entreprises\/#primaryimage"},"thumbnailUrl":"https:\/\/lumenevia.fr\/wp-content\/uploads\/2025\/12\/formation-eclairage-public-entreprises-lumenevia-edited-scaled.jpg","datePublished":"2025-12-24T15:22:32+00:00","dateModified":"2026-01-23T14:59:09+00:00","description":"Formations en \u00e9clairage public pour entreprises de r\u00e9seaux. Lumen\u00e9via forme \u00e9quipes terrain, s\u00e9curit\u00e9 et conformit\u00e9, directement sur site.","breadcrumb":{"@id":"https:\/\/lumenevia.fr\/index.php\/les-formations\/formation-pour-les-entreprises\/#breadcrumb"},"inLanguage":"fr-FR","potentialAction":[{"@type":"ReadAction","target":["https:\/\/lumenevia.fr\/index.php\/les-formations\/formation-pour-les-entreprises\/"]}]},{"@type":"ImageObject","inLanguage":"fr-FR","@id":"https:\/\/lumenevia.fr\/index.php\/les-formations\/formation-pour-les-entreprises\/#primaryimage","url":"https:\/\/lumenevia.fr\/wp-content\/uploads\/2025\/12\/formation-eclairage-public-entreprises-lumenevia-edited-scaled.jpg","contentUrl":"https:\/\/lumenevia.fr\/wp-content\/uploads\/2025\/12\/formation-eclairage-public-entreprises-lumenevia-edited-scaled.jpg","width":2560,"height":1600,"caption":"Formations Lumen\u00e9via pour les entreprises : renforcer vos comp\u00e9tences en \u00e9clairage public"},{"@type":"BreadcrumbList","@id":"https:\/\/lumenevia.fr\/index.php\/les-formations\/formation-pour-les-entreprises\/#breadcrumb","itemListElement":[{"@type":"ListItem","position":1,"name":"Accueil","item":"https:\/\/lumenevia.fr\/"},{"@type":"ListItem","position":2,"name":"Les formations","item":"https:\/\/lumenevia.fr\/index.php\/les-formations\/"},{"@type":"ListItem","position":3,"name":"Formation pour les entreprises"}]},{"@type":"WebSite","@id":"https:\/\/lumenevia.fr\/#website","url":"https:\/\/lumenevia.fr\/","name":"Lumen\u00e9via","description":"","publisher":{"@id":"https:\/\/lumenevia.fr\/#organization"},"potentialAction":[{"@type":"SearchAction","target":{"@type":"EntryPoint","urlTemplate":"https:\/\/lumenevia.fr\/?s={search_term_string}"},"query-input":{"@type":"PropertyValueSpecification","valueRequired":true,"valueName":"search_term_string"}}],"inLanguage":"fr-FR"},{"@type":"Organization","@id":"https:\/\/lumenevia.fr\/#organization","name":"Lumen\u00e9via","url":"https:\/\/lumenevia.fr\/","logo":{"@type":"ImageObject","inLanguage":"fr-FR","@id":"https:\/\/lumenevia.fr\/#\/schema\/logo\/image\/","url":"http:\/\/lumenevia.fr\/wp-content\/uploads\/2025\/09\/LUMENEVIA_logo.png","contentUrl":"http:\/\/lumenevia.fr\/wp-content\/uploads\/2025\/09\/LUMENEVIA_logo.png","width":1920,"height":1080,"caption":"Lumen\u00e9via"},"image":{"@id":"https:\/\/lumenevia.fr\/#\/schema\/logo\/image\/"}}]}},"_links":{"self":[{"href":"https:\/\/lumenevia.fr\/index.php\/wp-json\/wp\/v2\/pages\/437","targetHints":{"allow":["GET"]}}],"collection":[{"href":"https:\/\/lumenevia.fr\/index.php\/wp-json\/wp\/v2\/pages"}],"about":[{"href":"https:\/\/lumenevia.fr\/index.php\/wp-json\/wp\/v2\/types\/page"}],"author":[{"embeddable":true,"href":"https:\/\/lumenevia.fr\/index.php\/wp-json\/wp\/v2\/users\/1"}],"replies":[{"embeddable":true,"href":"https:\/\/lumenevia.fr\/index.php\/wp-json\/wp\/v2\/comments?post=437"}],"version-history":[{"count":3,"href":"https:\/\/lumenevia.fr\/index.php\/wp-json\/wp\/v2\/pages\/437\/revisions"}],"predecessor-version":[{"id":539,"href":"https:\/\/lumenevia.fr\/index.php\/wp-json\/wp\/v2\/pages\/437\/revisions\/539"}],"up":[{"embeddable":true,"href":"https:\/\/lumenevia.fr\/index.php\/wp-json\/wp\/v2\/pages\/323"}],"wp:featuredmedia":[{"embeddable":true,"href":"https:\/\/lumenevia.fr\/index.php\/wp-json\/wp\/v2\/media\/438"}],"wp:attachment":[{"href":"https:\/\/lumenevia.fr\/index.php\/wp-json\/wp\/v2\/media?parent=437"}],"curies":[{"name":"wp","href":"https:\/\/api.w.org\/{rel}","templated":true}]}}